{"id":88,"date":"2017-06-25T15:52:42","date_gmt":"2017-06-25T13:52:42","guid":{"rendered":"http:\/\/192.168.1.111\/wordpress\/?page_id=88"},"modified":"2026-01-09T17:23:21","modified_gmt":"2026-01-09T16:23:21","slug":"projects","status":"publish","type":"page","link":"http:\/\/voznak.ct.vsb.cz\/index.php\/projects\/","title":{"rendered":"Projects"},"content":{"rendered":"<h5>List of active projects or completed in last years.<\/h5>\n<p><img loading=\"lazy\" decoding=\"async\" class=\"alignnone size-full wp-image-94\" src=\"http:\/\/192.168.1.111\/wordpress\/wp-content\/uploads\/2017\/06\/project.png\" alt=\"\" width=\"959\" height=\"368\" srcset=\"http:\/\/158.196.109.173:80\/wp-content\/uploads\/2017\/06\/project.png 959w, http:\/\/158.196.109.173:80\/wp-content\/uploads\/2017\/06\/project-300x115.png 300w, http:\/\/158.196.109.173:80\/wp-content\/uploads\/2017\/06\/project-768x295.png 768w\" sizes=\"auto, (max-width: 709px) 85vw, (max-width: 909px) 67vw, (max-width: 1362px) 62vw, 840px\" \/><\/p>\n<ul>\n<li><a href=\"https:\/\/cordis.europa.eu\/project\/id\/101227218\">HE QUESTING<\/a> is a new Horizon Europe project focusing on Designing, Managing and Debugging Quantum Networks in period 2025-2029 with total budget 4.5 M\u20ac. The project is coordinated by <a href=\"https:\/\/www.setu.ie\/\">SETU<\/a>, (2025-2029).<\/li>\n<li><a href=\"https:\/\/www.quantum5.eu\/\">NATO QUANTUM5<\/a>\u00a0was NATO project within SPS (Science and Peace for Security) programme in period. The project achieved a successful implementation of QKD in 5G Campus Network and was coordinated by VSB-Technical University of Ostrava , (2021-2024).<\/li>\n<li><a href=\"https:\/\/ec.europa.eu\/info\/funding-tenders\/opportunities\/portal\/screen\/opportunities\/topic-details\/su-ict-04-2019\">H2020 project OPEN QKD<\/a>\u00a0was a new european H2020 project going to be started in September 2019 and all related activities focus on Quantum Key Distribution Network testbed. The total budget was 18M\u20ac and the project is coordinated by <a href=\"http:\/\/www.ait.ac.at\/\">AIT<\/a>, (2019-2022).<\/li>\n<li><a href=\"https:\/\/www.tetramax.eu\/\">H2020 project TETRAMAX<\/a> focused on the domain of customized low energy computing (CLEC) for Cyber-physical systems and the Internet of Things. The total budget of the TETRAMAX project was 7M\u20ac and activities were coordinated by RWTH Aachen University, (2017-2021).<\/li>\n<li><a href=\"https:\/\/en.wikipedia.org\/wiki\/INDECT\">FP7 EU INDECT<\/a>, under grant agreement 218086, as a\u00a0\u201cCollaborative Project\u201d was defined by the FP7 call \u201cIncreasing the Security of\u00a0citizens\u201d (SEC-1) and \u00a0completed in 2014; many tools were developed especially for the police, the most important result of our czech team is <a href=\"http:\/\/ieeexplore.ieee.org\/document\/6613888\/\">the IVAS system<\/a>, overall budget cca 15 M\u20ac, conducted by AGH Krak\u00f3w (2009-2014).<\/li>\n<li><a href=\"https:\/\/cordis.europa.eu\/project\/rcn\/91504_en.html\">FP7EU GN3<\/a>, under Grant Agreement No. 238875,\u00a0Member of task force no. 4 in Activity 3 of the GN3 project. <a href=\"http:\/\/cordis.europa.eu\/project\/rcn\/91504_en.html\">Multi-Gigabit European Research and Education Network and Associated Services (GN3)<\/a>, conducted by G\u00c9ANT (2009-2013).<\/li>\n<li><a href=\"https:\/\/dbbt.pr.ac.rs\/consortium\/\">Digital Broadcasting and Broadband Technologies<\/a>, Erasmus+ Capacity Building in Higher Education, project No. 561688-EPP-1-2015-1-XK-EPPKA2-CBHE-JP (2015-2018).<\/li>\n<li><strong>Multimedia and Digital TV Curricula<\/strong>, Erasmus+ Capacity Building in Higher Education, project No. 586318-EPP-1-2017-1-AL-EPPKA2-CBHE-JP (2017-2020).<\/li>\n<li><strong>Development of advanced industrial sensors and an extension of portfolio in Internet of Things<\/strong>, Ministry of Industry and Trade, CZ.01.1.02\/0.0\/0.0\/16_084\/0009815 (2017-2020).<\/li>\n<li>The \u201c<a href=\"http:\/\/method-modata.vsb.cz\">Specific system of passenger\u00b4s check-in and number of transported passengers<\/a>\u201d methodology is the output of research project no. TB0500MD011, realised under the framework programme of public procurements in research, experimental development and innovations for the needs of public administration \u201cBETA\u201d, Technology Agency of the Czech Republic. The project was completed in 2016.<\/li>\n<\/ul>\n<ul>\n<li>\u201c<a href=\"http:\/\/modata.vsb.cz\/?lang=en\">Limits of data from mobile sites in statistical surveys of Czech statistical office<\/a>&#8220;, \u00a0under grant TD03000452 (2016-2017) of the Technology Agency of the Czech Republic.<\/li>\n<\/ul>\n<ul>\n<li>Research Programme No. 5, <a href=\"http:\/\/www.it4i.cz\/\">IT4Innovations, Supercomputing centre<\/a>, The Czech National Centre of Excellence (2011-2015).<\/li>\n<\/ul>\n<ul>\n<li>\u201c<a href=\"https:\/\/lora.vsb.cz\">Secure Gateway for the Internet of Things (SIoT)<\/a>\u201c, Ministry of the Interior (CZ), under grant<br \/>\nVI2VS\/491 (2017-2020).<\/li>\n<\/ul>\n<ul>\n<li>&#8220;<a href=\"http:\/\/158.196.109.173\/wp-content\/uploads\/2017\/06\/Huaweiprobeusermanual.pdf\">Tool for network coverage and quality in 2G,3 G and 4G mobile networks<\/a>&#8220;, supported by Huawei within contractual research, <a href=\"https:\/\/youtu.be\/iBWuvNAtFsM\">more information in video on youtube<\/a>\u00a0and in <a href=\"http:\/\/158.196.109.173\/wp-content\/uploads\/2017\/06\/Huaweiprobeusermanual.pdf\">User Manual<\/a>\u00a0and <a href=\"http:\/\/158.196.109.173\/wp-content\/uploads\/2017\/06\/HUAWEI-PROBE-datasheet_rev3MV.pdf\">datasheet in CZ<\/a>\u00a0(2015-2016).<\/li>\n<\/ul>\n<ul>\n<li>&#8220;<a href=\"https:\/\/vavai.tacr.cz\/isvav\/project\/41095\/\">Security of mobile devices and communication<\/a>&#8221; under grant agreement TF01000091, supported by Grant Agency of the Czech Republic in programme DELTA (2015-2017).<\/li>\n<\/ul>\n<ul>\n<li>&#8220;<a href=\"https:\/\/databaze.op-vk.cz\/Project\/Detail\/5888\">Spole\u010dn\u00e9 aktivity VUT a V\u0160B-TUO p\u0159i vytv\u00e1\u0159en\u00ed obsahu a n\u00e1pln\u011b odborn\u00fdch akreditovan\u00fdch kurz\u016f ICT<\/a>&#8220;, M\u0160MT projekt reg. \u010d. CZ.1.07\/2.2.00\/28.0062,\u00a0projekt byl spolufinancov\u00e1n Evropsk\u00fdm soci\u00e1ln\u00edm fondem a st\u00e1tn\u00edm rozpo\u010dtem \u010cR (2012-2015).<\/li>\n<\/ul>\n<ul>\n<li>\u201d<a href=\"http:\/\/158.196.109.173\/wp-content\/uploads\/2017\/06\/MSK_report_Voznak_rev2.pdf\">Zabezpe\u010den\u00ed komunikace v s\u00edt\u00edch GSM, UMTS, LTE<\/a>\u201d, MSK, dota\u010dn\u00ed titul \u201cPodpora v\u011bdy a v\u00fdzkumu v<br \/>\nMoravskoslezsk\u00e9m kraji\u201d, projekt reg. \u010d. 02540\/2013\/RRC (2013-2014).<\/li>\n<\/ul>\n<ul>\n<li>TBD<\/li>\n<\/ul>\n","protected":false},"excerpt":{"rendered":"<p>List of active projects or completed in last years. HE QUESTING is a new Horizon Europe project focusing on Designing, Managing and Debugging Quantum Networks in period 2025-2029 with total budget 4.5 M\u20ac. The project is coordinated by SETU, (2025-2029). NATO QUANTUM5\u00a0was NATO project within SPS (Science and Peace for Security) programme in period. The &hellip; <a href=\"http:\/\/voznak.ct.vsb.cz\/index.php\/projects\/\" class=\"more-link\">Continue reading<span class=\"screen-reader-text\"> &#8220;Projects&#8221;<\/span><\/a><\/p>\n","protected":false},"author":1,"featured_media":0,"parent":0,"menu_order":0,"comment_status":"closed","ping_status":"closed","template":"","meta":{"footnotes":""},"class_list":["post-88","page","type-page","status-publish","hentry"],"_links":{"self":[{"href":"http:\/\/voznak.ct.vsb.cz\/index.php\/wp-json\/wp\/v2\/pages\/88","targetHints":{"allow":["GET"]}}],"collection":[{"href":"http:\/\/voznak.ct.vsb.cz\/index.php\/wp-json\/wp\/v2\/pages"}],"about":[{"href":"http:\/\/voznak.ct.vsb.cz\/index.php\/wp-json\/wp\/v2\/types\/page"}],"author":[{"embeddable":true,"href":"http:\/\/voznak.ct.vsb.cz\/index.php\/wp-json\/wp\/v2\/users\/1"}],"replies":[{"embeddable":true,"href":"http:\/\/voznak.ct.vsb.cz\/index.php\/wp-json\/wp\/v2\/comments?post=88"}],"version-history":[{"count":40,"href":"http:\/\/voznak.ct.vsb.cz\/index.php\/wp-json\/wp\/v2\/pages\/88\/revisions"}],"predecessor-version":[{"id":1057,"href":"http:\/\/voznak.ct.vsb.cz\/index.php\/wp-json\/wp\/v2\/pages\/88\/revisions\/1057"}],"wp:attachment":[{"href":"http:\/\/voznak.ct.vsb.cz\/index.php\/wp-json\/wp\/v2\/media?parent=88"}],"curies":[{"name":"wp","href":"https:\/\/api.w.org\/{rel}","templated":true}]}}